{"id":10,"date":"2024-01-07T14:25:34","date_gmt":"2024-01-07T13:25:34","guid":{"rendered":"https:\/\/www.leonpabien.com\/gasoleo-a-domicilio\/?page_id=10"},"modified":"2024-01-07T16:41:19","modified_gmt":"2024-01-07T15:41:19","slug":"home","status":"publish","type":"page","link":"https:\/\/www.leonpabien.com\/gasoleo-a-domicilio\/es\/","title":{"rendered":"Gas\u00f3leo a domicilio en Le\u00f3n, gas\u00f3leos automoci\u00f3n, agr\u00edcola y calefacci\u00f3n"},"content":{"rendered":"\n<h2>\n<i>es sin\u00f3nimo de <strong>calidad<br>\na un precio competitivo<\/strong><\/i>\n<\/h2>\n\n\n\n<p>M\u00e1xima <strong>garant\u00eda de calidad<\/strong> y <strong>confianza<\/strong>.<br>Nuestros productos son cargados directamente<br>en la CLH de Le\u00f3n (Compa\u00f1\u00eda Log\u00edstica de Hidrocarburos).<\/p>\n\n\n\n<figure class=\"wp-block-image size-full logoFormLEPlus\"><img loading=\"lazy\" decoding=\"async\" width=\"474\" height=\"42\" src=\"http:\/\/www.leonpabien.com\/gasoleo-a-domicilio\/wp-content\/uploads\/2024\/01\/logo-formula-mejorada-con-denominacion-le-plus.png\" alt=\"F\u00f3rmula mejorada con Denominaci\u00f3n L.E. Plus\" class=\"wp-image-82\" srcset=\"https:\/\/www.leonpabien.com\/gasoleo-a-domicilio\/wp-content\/uploads\/2024\/01\/logo-formula-mejorada-con-denominacion-le-plus.png 474w, https:\/\/www.leonpabien.com\/gasoleo-a-domicilio\/wp-content\/uploads\/2024\/01\/logo-formula-mejorada-con-denominacion-le-plus-300x27.png 300w\" sizes=\"auto, (max-width: 474px) 100vw, 474px\" \/><\/figure>\n\n\n\n<p>Somos una empresa con amplia experiencia en el sector. Nuestros valores son el compromiso, la sinceridad y lealtad hacia nuestros clientes.<\/p>\n\n\n\n<p>Sabemos la importancia que tiene para usted en su hogar o su negocio el resultado de un buen servicio. Por eso trabajamos en armon\u00eda con sus deseos ofreci\u00e9ndole eficacia, limpieza y el m\u00e1ximo cuidado al realizar nuestro trabajo.<\/p>\n\n\n\n<p>En <strong>LE\u00d3NPABIEN<\/strong> contamos con <strong>servicio de urgencia. <\/strong>De modo que si usted se queda sin gasoil\u00a0se lo suministramos incluso durante el fin de semana. Servicio ofrecido a nuestros clientes habituales y siempre que podamos respetar los tiempos de descanso que tienen que cumplir los conductores profesionales.<\/p>\n\n\n\n<p><strong>SUME LITROS Y RESTE EN EL PRECIO<\/strong><\/p>\n\n\n\n<p><strong>Haga su pedido conjuntamente con sus vecinos, familiares y amigos y beneficiese de un descuento.<\/strong><\/p>\n","protected":false},"excerpt":{"rendered":"<p>es sin\u00f3nimo de calidad a un precio competitivo M\u00e1xima garant\u00eda de calidad y confianza.Nuestros productos son cargados directamenteen la CLH de Le\u00f3n (Compa\u00f1\u00eda Log\u00edstica de Hidrocarburos). Somos una empresa con amplia experiencia en el sector. Nuestros valores son el compromiso, la sinceridad y lealtad hacia nuestros clientes. Sabemos la importancia que tiene para usted en [&hellip;]<\/p>\n","protected":false},"author":1,"featured_media":0,"parent":0,"menu_order":0,"comment_status":"closed","ping_status":"closed","template":"","meta":{"footnotes":""},"class_list":["post-10","page","type-page","status-publish","hentry"],"_links":{"self":[{"href":"https:\/\/www.leonpabien.com\/gasoleo-a-domicilio\/wp-json\/wp\/v2\/pages\/10","targetHints":{"allow":["GET"]}}],"collection":[{"href":"https:\/\/www.leonpabien.com\/gasoleo-a-domicilio\/wp-json\/wp\/v2\/pages"}],"about":[{"href":"https:\/\/www.leonpabien.com\/gasoleo-a-domicilio\/wp-json\/wp\/v2\/types\/page"}],"author":[{"embeddable":true,"href":"https:\/\/www.leonpabien.com\/gasoleo-a-domicilio\/wp-json\/wp\/v2\/users\/1"}],"replies":[{"embeddable":true,"href":"https:\/\/www.leonpabien.com\/gasoleo-a-domicilio\/wp-json\/wp\/v2\/comments?post=10"}],"version-history":[{"count":34,"href":"https:\/\/www.leonpabien.com\/gasoleo-a-domicilio\/wp-json\/wp\/v2\/pages\/10\/revisions"}],"predecessor-version":[{"id":84,"href":"https:\/\/www.leonpabien.com\/gasoleo-a-domicilio\/wp-json\/wp\/v2\/pages\/10\/revisions\/84"}],"wp:attachment":[{"href":"https:\/\/www.leonpabien.com\/gasoleo-a-domicilio\/wp-json\/wp\/v2\/media?parent=10"}],"curies":[{"name":"wp","href":"https:\/\/api.w.org\/{rel}","templated":true}]}}