{"id":15,"date":"2024-01-07T15:16:42","date_gmt":"2024-01-07T14:16:42","guid":{"rendered":"https:\/\/www.leonpabien.com\/gasoleo-a-domicilio\/?page_id=15"},"modified":"2024-01-07T17:33:50","modified_gmt":"2024-01-07T16:33:50","slug":"distribuidor-de-gasoleo-a-a-domicilio-para-automocion","status":"publish","type":"page","link":"https:\/\/www.leonpabien.com\/gasoleo-a-domicilio\/es\/distribuidor-de-gasoleo-a-a-domicilio-para-automocion\/","title":{"rendered":"Distribuidor de gas\u00f3leo a domicilio para automoci\u00f3n \u00b7 Gas\u00f3leo A"},"content":{"rendered":"<div class=\"wp-block-image logoFormLEPlus\">\n<figure class=\"aligncenter size-full\"><img loading=\"lazy\" decoding=\"async\" width=\"474\" height=\"42\" src=\"http:\/\/www.leonpabien.com\/gasoleo-a-domicilio\/wp-content\/uploads\/2024\/01\/logo-formula-mejorada-con-denominacion-le-plus.png\" alt=\"F\u00f3rmula mejorada con Denominaci\u00f3n L.E. Plus\" class=\"wp-image-82\" srcset=\"https:\/\/www.leonpabien.com\/gasoleo-a-domicilio\/wp-content\/uploads\/2024\/01\/logo-formula-mejorada-con-denominacion-le-plus.png 474w, https:\/\/www.leonpabien.com\/gasoleo-a-domicilio\/wp-content\/uploads\/2024\/01\/logo-formula-mejorada-con-denominacion-le-plus-300x27.png 300w\" sizes=\"auto, (max-width: 474px) 100vw, 474px\" \/><\/figure>\n<\/div>\n\n\n<blockquote class=\"wp-block-quote is-layout-flow wp-block-quote-is-layout-flow\">\n<p>Saque el <strong>m\u00e1ximo rendimiento<\/strong> a sus motores con nuestro gas\u00f3leo de automoci\u00f3n de <strong>Alta Calidad<\/strong>. Indicado para todo tipo de <strong>veh\u00edculos ligeros<\/strong> y <strong>pesados<\/strong>, as\u00ed como para la maquinaria que realiza grandes esfuerzos durante muchas horas de forma continuada.<\/p>\n<\/blockquote>\n\n\n\n<h2 class=\"wp-block-heading\"><strong>Propiedades<\/strong>:<\/h2>\n\n\n\n<ul class=\"wp-block-list\">\n<li>Capacidad detergente.<\/li>\n\n\n\n<li>Poder&nbsp;<strong>anticorrosivo<\/strong>.<\/li>\n\n\n\n<li>Antiespumante.<\/li>\n\n\n\n<li><strong>Antidesgaste<\/strong>&nbsp;(lubricidad).<\/li>\n\n\n\n<li>Buenas cualidades a baja temperatura.<\/li>\n<\/ul>\n\n\n\n<h2 class=\"wp-block-heading\"><strong><strong>Beneficios para su motor<\/strong><\/strong>:<\/h2>\n\n\n\n<ul class=\"wp-block-list\">\n<li><strong>impieza<\/strong>&nbsp;de la c\u00e1mara de combusti\u00f3n,&nbsp;<strong>pistones<\/strong>&nbsp;y&nbsp;<strong>sistema de inyecci\u00f3n<\/strong>.<\/li>\n\n\n\n<li>Conducci\u00f3n suave.<\/li>\n\n\n\n<li>Mejora en la combusti\u00f3n.<\/li>\n\n\n\n<li><strong>Ahorro<\/strong>&nbsp;de carburante.<\/li>\n\n\n\n<li><strong>Disminuye el desgaste<\/strong>&nbsp;en las bombas de inyecci\u00f3n.<\/li>\n\n\n\n<li>M\u00e1xima&nbsp;<strong>protecci\u00f3n<\/strong>&nbsp;de los motores.<\/li>\n\n\n\n<li>Mayor facilidad de arranque en fr\u00edo.<\/li>\n\n\n\n<li>Reduce emisiones contaminantes.<\/li>\n\n\n\n<li><strong>Reducci\u00f3n de ruido<\/strong>.<\/li>\n\n\n\n<li>Repostaje limpio, sin espumas ni salpicaduras.<\/li>\n<\/ul>\n","protected":false},"excerpt":{"rendered":"<p>Saque el m\u00e1ximo rendimiento a sus motores con nuestro gas\u00f3leo de automoci\u00f3n de Alta Calidad. Indicado para todo tipo de veh\u00edculos ligeros y pesados, as\u00ed como para la maquinaria que realiza grandes esfuerzos durante muchas horas de forma continuada. Propiedades: Beneficios para su motor:<\/p>\n","protected":false},"author":1,"featured_media":0,"parent":0,"menu_order":0,"comment_status":"closed","ping_status":"closed","template":"","meta":{"footnotes":""},"class_list":["post-15","page","type-page","status-publish","hentry"],"_links":{"self":[{"href":"https:\/\/www.leonpabien.com\/gasoleo-a-domicilio\/wp-json\/wp\/v2\/pages\/15","targetHints":{"allow":["GET"]}}],"collection":[{"href":"https:\/\/www.leonpabien.com\/gasoleo-a-domicilio\/wp-json\/wp\/v2\/pages"}],"about":[{"href":"https:\/\/www.leonpabien.com\/gasoleo-a-domicilio\/wp-json\/wp\/v2\/types\/page"}],"author":[{"embeddable":true,"href":"https:\/\/www.leonpabien.com\/gasoleo-a-domicilio\/wp-json\/wp\/v2\/users\/1"}],"replies":[{"embeddable":true,"href":"https:\/\/www.leonpabien.com\/gasoleo-a-domicilio\/wp-json\/wp\/v2\/comments?post=15"}],"version-history":[{"count":13,"href":"https:\/\/www.leonpabien.com\/gasoleo-a-domicilio\/wp-json\/wp\/v2\/pages\/15\/revisions"}],"predecessor-version":[{"id":112,"href":"https:\/\/www.leonpabien.com\/gasoleo-a-domicilio\/wp-json\/wp\/v2\/pages\/15\/revisions\/112"}],"wp:attachment":[{"href":"https:\/\/www.leonpabien.com\/gasoleo-a-domicilio\/wp-json\/wp\/v2\/media?parent=15"}],"curies":[{"name":"wp","href":"https:\/\/api.w.org\/{rel}","templated":true}]}}