{"id":17,"date":"2024-01-07T15:19:30","date_gmt":"2024-01-07T14:19:30","guid":{"rendered":"https:\/\/www.leonpabien.com\/gasoleo-a-domicilio\/?page_id=17"},"modified":"2024-01-07T17:48:29","modified_gmt":"2024-01-07T16:48:29","slug":"distribuidor-de-gasoleo-b-a-domicilio-agricola-industrial","status":"publish","type":"page","link":"https:\/\/www.leonpabien.com\/gasoleo-a-domicilio\/es\/distribuidor-de-gasoleo-b-a-domicilio-agricola-industrial\/","title":{"rendered":"Distribuidor de gas\u00f3leo a domicilio para uso agr\u00edcola e industrial \u00b7 Gas\u00f3leo B"},"content":{"rendered":"<div class=\"wp-block-image logoFormLEPlus\">\n<figure class=\"aligncenter size-full\"><img loading=\"lazy\" decoding=\"async\" width=\"474\" height=\"42\" src=\"http:\/\/www.leonpabien.com\/gasoleo-a-domicilio\/wp-content\/uploads\/2024\/01\/logo-formula-mejorada-con-denominacion-le-plus.png\" alt=\"F\u00f3rmula mejorada con Denominaci\u00f3n L.E. Plus\" class=\"wp-image-82\" srcset=\"https:\/\/www.leonpabien.com\/gasoleo-a-domicilio\/wp-content\/uploads\/2024\/01\/logo-formula-mejorada-con-denominacion-le-plus.png 474w, https:\/\/www.leonpabien.com\/gasoleo-a-domicilio\/wp-content\/uploads\/2024\/01\/logo-formula-mejorada-con-denominacion-le-plus-300x27.png 300w\" sizes=\"auto, (max-width: 474px) 100vw, 474px\" \/><\/figure>\n<\/div>\n\n\n<blockquote class=\"wp-block-quote is-layout-flow wp-block-quote-is-layout-flow\">\n<p>Especialmente indicado para&nbsp;<strong>uso agr\u00edcola<\/strong>&nbsp;e&nbsp;<strong>industrial<\/strong>.<\/p>\n\n\n\n<p>Su composici\u00f3n ofrece la&nbsp;<strong>m\u00e1xima protecci\u00f3n<\/strong>&nbsp;al sistema de alimentaci\u00f3n y de los&nbsp;<strong>inyectores<\/strong>, a su vez&nbsp;<strong>eleva<\/strong>&nbsp;las&nbsp;<strong>prestaciones<\/strong>&nbsp;de la maquinaria alargando su vida \u00fatil. Compatible con todo tipo de maquinaria industrial y agr\u00edcola.<\/p>\n<\/blockquote>\n\n\n\n<h2 class=\"wp-block-heading\"><strong>Ventajas:<\/strong><\/h2>\n\n\n\n<ul class=\"wp-block-list\">\n<li>Buena combusti\u00f3n que se traduce en un mejor&nbsp;<strong>arranque en fr\u00edo<\/strong>&nbsp;y&nbsp;<strong>menor ruido<\/strong>.<\/li>\n\n\n\n<li><strong>Capacidad desemulsionante<\/strong>&nbsp;que agrupa peque\u00f1as part\u00edculas de agua para impedir su entrada en el sistema de alimentaci\u00f3n.<\/li>\n\n\n\n<li>Estabilidad a la oxidaci\u00f3n que&nbsp;<strong>evita<\/strong>&nbsp;la formaci\u00f3n de part\u00edculas insolubles que pueden&nbsp;<strong>obstruir<\/strong>&nbsp;los&nbsp;<strong>filtros<\/strong>&nbsp;y afectar el&nbsp;<strong>sistema<\/strong>&nbsp;de&nbsp;<strong>inyecci\u00f3n<\/strong>.<\/li>\n\n\n\n<li>Gas\u00f3leo respetuoso con el medio ambiente por su reducci\u00f3n en contenido de azufre.<\/li>\n<\/ul>\n\n\n\n<p>Este tipo de gas\u00f3leo tambi\u00e9n est\u00e1\u00a0<strong>indicado para<\/strong>\u00a0su uso en\u00a0<strong>calefacci\u00f3n<\/strong>\u00a0especialmente en calderas peque\u00f1as como las que tenemos en nuestras casas y pisos. Debido a su\u00a0<strong>bajo contenido<\/strong>\u00a0en\u00a0<strong>parafinas<\/strong>\u00a0es ideal para que nuestras calderas se mantengan limpias y en \u00f3ptimo estado,\u00a0<strong>alargando<\/strong>\u00a0as\u00ed\u00a0<strong>su vida \u00fatil<\/strong>. Es por eso que muchos clientes lo prefieren frente al\u00a0<a href=\"http:\/\/www.leonpabien.com\/gasoleo-a-domicilio\/es\/distribuidor-de-gasoleo-c-a-domicilio-para-calefaccion\/\">gas\u00f3leo C<\/a>.<\/p>\n\n\n\n<p><strong>Actualmente no hay ninguna normativa que proh\u00edba su uso para calefacci\u00f3n.<\/strong><\/p>\n\n\n\n<p>La tonalidad del gas\u00f3leo B es rojiza.<\/p>\n","protected":false},"excerpt":{"rendered":"<p>Especialmente indicado para&nbsp;uso agr\u00edcola&nbsp;e&nbsp;industrial. Su composici\u00f3n ofrece la&nbsp;m\u00e1xima protecci\u00f3n&nbsp;al sistema de alimentaci\u00f3n y de los&nbsp;inyectores, a su vez&nbsp;eleva&nbsp;las&nbsp;prestaciones&nbsp;de la maquinaria alargando su vida \u00fatil. Compatible con todo tipo de maquinaria industrial y agr\u00edcola. Ventajas: Este tipo de gas\u00f3leo tambi\u00e9n est\u00e1\u00a0indicado para\u00a0su uso en\u00a0calefacci\u00f3n\u00a0especialmente en calderas peque\u00f1as como las que tenemos en nuestras casas y pisos. [&hellip;]<\/p>\n","protected":false},"author":1,"featured_media":0,"parent":0,"menu_order":0,"comment_status":"closed","ping_status":"closed","template":"","meta":{"footnotes":""},"class_list":["post-17","page","type-page","status-publish","hentry"],"_links":{"self":[{"href":"https:\/\/www.leonpabien.com\/gasoleo-a-domicilio\/wp-json\/wp\/v2\/pages\/17","targetHints":{"allow":["GET"]}}],"collection":[{"href":"https:\/\/www.leonpabien.com\/gasoleo-a-domicilio\/wp-json\/wp\/v2\/pages"}],"about":[{"href":"https:\/\/www.leonpabien.com\/gasoleo-a-domicilio\/wp-json\/wp\/v2\/types\/page"}],"author":[{"embeddable":true,"href":"https:\/\/www.leonpabien.com\/gasoleo-a-domicilio\/wp-json\/wp\/v2\/users\/1"}],"replies":[{"embeddable":true,"href":"https:\/\/www.leonpabien.com\/gasoleo-a-domicilio\/wp-json\/wp\/v2\/comments?post=17"}],"version-history":[{"count":9,"href":"https:\/\/www.leonpabien.com\/gasoleo-a-domicilio\/wp-json\/wp\/v2\/pages\/17\/revisions"}],"predecessor-version":[{"id":120,"href":"https:\/\/www.leonpabien.com\/gasoleo-a-domicilio\/wp-json\/wp\/v2\/pages\/17\/revisions\/120"}],"wp:attachment":[{"href":"https:\/\/www.leonpabien.com\/gasoleo-a-domicilio\/wp-json\/wp\/v2\/media?parent=17"}],"curies":[{"name":"wp","href":"https:\/\/api.w.org\/{rel}","templated":true}]}}