{"id":19,"date":"2024-01-07T15:20:06","date_gmt":"2024-01-07T14:20:06","guid":{"rendered":"https:\/\/www.leonpabien.com\/gasoleo-a-domicilio\/?page_id=19"},"modified":"2024-01-07T17:50:59","modified_gmt":"2024-01-07T16:50:59","slug":"distribuidor-de-gasoleo-c-a-domicilio-para-calefaccion","status":"publish","type":"page","link":"https:\/\/www.leonpabien.com\/gasoleo-a-domicilio\/es\/distribuidor-de-gasoleo-c-a-domicilio-para-calefaccion\/","title":{"rendered":"Distribuidor de gas\u00f3leo a domicilio para calefacci\u00f3n \u00b7 Gas\u00f3leo C"},"content":{"rendered":"<div class=\"wp-block-image logoFormLEPlus\">\n<figure class=\"aligncenter size-full\"><img loading=\"lazy\" decoding=\"async\" width=\"474\" height=\"42\" src=\"http:\/\/www.leonpabien.com\/gasoleo-a-domicilio\/wp-content\/uploads\/2024\/01\/logo-formula-mejorada-con-denominacion-le-plus.png\" alt=\"F\u00f3rmula mejorada con Denominaci\u00f3n L.E. Plus\" class=\"wp-image-82\" srcset=\"https:\/\/www.leonpabien.com\/gasoleo-a-domicilio\/wp-content\/uploads\/2024\/01\/logo-formula-mejorada-con-denominacion-le-plus.png 474w, https:\/\/www.leonpabien.com\/gasoleo-a-domicilio\/wp-content\/uploads\/2024\/01\/logo-formula-mejorada-con-denominacion-le-plus-300x27.png 300w\" sizes=\"auto, (max-width: 474px) 100vw, 474px\" \/><\/figure>\n<\/div>\n\n\n<blockquote class=\"wp-block-quote is-layout-flow wp-block-quote-is-layout-flow\">\n<p><em>El\u00a0<\/em><strong>gas\u00f3leo C<\/strong><em>\u00a0o\u00a0<\/em><strong>gas\u00f3leo calefacci\u00f3n<\/strong><em>\u00a0est\u00e1 concebido para\u00a0<\/em><strong>equipos<\/strong><em>\u00a0de producci\u00f3n de\u00a0<\/em><strong>calor<\/strong><em>. Tales como calderas de calefacci\u00f3n, hornos industriales, etc.<\/em><\/p>\n<\/blockquote>\n\n\n\n<p>Debido a su alto contenido en parafinas hace que tenga\u00a0<strong>m\u00e1s poder calor\u00edfico<\/strong>. Si lo comparamos con el\u00a0<a href=\"http:\/\/www.leonpabien.com\/gasoleo-a-domicilio\/es\/distribuidor-de-gasoleo-b-a-domicilio-agricola\/\">gas\u00f3leo B<\/a>, el gas\u00f3leo C tiene algo m\u00e1s de rendimiento, pero el\u00a0<a href=\"http:\/\/www.leonpabien.com\/gasoleo-a-domicilio\/es\/distribuidor-de-gasoleo-b-a-domicilio-agricola\/\">gas\u00f3leo B<\/a>\u00a0requiere de menos mantenimiento; ya que al ser un gas\u00f3leo m\u00e1s refinado, con menos parafina y menos denso tambi\u00e9n implica que tanto la bomba como los quemadores trabajaran menos forzados alargando la vida \u00fatil de nuestro equipo de producci\u00f3n de calor. Lo que tratamos de explicar a nuestros clientes con esto es que con el\u00a0<a href=\"http:\/\/www.leonpabien.com\/gasoleo-a-domicilio\/es\/distribuidor-de-gasoleo-b-a-domicilio-agricola\/\">gas\u00f3leo B<\/a>\u00a0se consigue un tiempo extra en cuanto a la durabilidad de nuestro equipo de producci\u00f3n de calor y de sus piezas.<\/p>\n\n\n\n<p>Actualmente no hay ninguna normativa que proh\u00edba el uso del\u00a0<a href=\"http:\/\/www.leonpabien.com\/gasoleo-a-domicilio\/es\/distribuidor-de-gasoleo-b-a-domicilio-agricola\/\">gas\u00f3leo B<\/a>, como gas\u00f3leo de calefacci\u00f3n en nuestros equipos de producci\u00f3n de calor.<\/p>\n\n\n\n<p>En\u00a0<strong>LE\u00d3NPABIEN<\/strong>\u00a0estamos totalmente seguros de la calidad y seguridad que ofrece nuestro gas\u00f3leo, por ello, si en alguna ocasi\u00f3n el t\u00e9cnico le dice que tiene una aver\u00eda producida por la calidad del gas\u00f3leo p\u00eddale que se lo ponga por escrito; y nosotros mismos le haremos llegar a su casa un t\u00e9cnico sin coste alguno para usted. Sabemos que hay personas que se mueven por el interes, amiguismo, etc; as\u00ed como que en algunos casos nuestros clientes nos han contado que la competencia les ha ofrecido trabajar con ellos con el \u00fanico argumento de que nuestro gas\u00f3leo no es de calidad. Creemos que no hace falta explicar esto ni mucho menos defenderse, s\u00f3lo tenemos que decir que nuestros clientes vuelven a contar con nosotros cuando necesitan gas\u00f3leo, entre otras cosas porque nos debemos a ellos y trabajamos con la verdad, el respeto y la m\u00e1xima calidad.<\/p>\n","protected":false},"excerpt":{"rendered":"<p>El\u00a0gas\u00f3leo C\u00a0o\u00a0gas\u00f3leo calefacci\u00f3n\u00a0est\u00e1 concebido para\u00a0equipos\u00a0de producci\u00f3n de\u00a0calor. Tales como calderas de calefacci\u00f3n, hornos industriales, etc. Debido a su alto contenido en parafinas hace que tenga\u00a0m\u00e1s poder calor\u00edfico. Si lo comparamos con el\u00a0gas\u00f3leo B, el gas\u00f3leo C tiene algo m\u00e1s de rendimiento, pero el\u00a0gas\u00f3leo B\u00a0requiere de menos mantenimiento; ya que al ser un gas\u00f3leo m\u00e1s refinado, [&hellip;]<\/p>\n","protected":false},"author":1,"featured_media":0,"parent":0,"menu_order":0,"comment_status":"closed","ping_status":"closed","template":"","meta":{"footnotes":""},"class_list":["post-19","page","type-page","status-publish","hentry"],"_links":{"self":[{"href":"https:\/\/www.leonpabien.com\/gasoleo-a-domicilio\/wp-json\/wp\/v2\/pages\/19","targetHints":{"allow":["GET"]}}],"collection":[{"href":"https:\/\/www.leonpabien.com\/gasoleo-a-domicilio\/wp-json\/wp\/v2\/pages"}],"about":[{"href":"https:\/\/www.leonpabien.com\/gasoleo-a-domicilio\/wp-json\/wp\/v2\/types\/page"}],"author":[{"embeddable":true,"href":"https:\/\/www.leonpabien.com\/gasoleo-a-domicilio\/wp-json\/wp\/v2\/users\/1"}],"replies":[{"embeddable":true,"href":"https:\/\/www.leonpabien.com\/gasoleo-a-domicilio\/wp-json\/wp\/v2\/comments?post=19"}],"version-history":[{"count":4,"href":"https:\/\/www.leonpabien.com\/gasoleo-a-domicilio\/wp-json\/wp\/v2\/pages\/19\/revisions"}],"predecessor-version":[{"id":123,"href":"https:\/\/www.leonpabien.com\/gasoleo-a-domicilio\/wp-json\/wp\/v2\/pages\/19\/revisions\/123"}],"wp:attachment":[{"href":"https:\/\/www.leonpabien.com\/gasoleo-a-domicilio\/wp-json\/wp\/v2\/media?parent=19"}],"curies":[{"name":"wp","href":"https:\/\/api.w.org\/{rel}","templated":true}]}}