{"id":23,"date":"2024-01-07T15:21:35","date_gmt":"2024-01-07T14:21:35","guid":{"rendered":"https:\/\/www.leonpabien.com\/gasoleo-a-domicilio\/?page_id=23"},"modified":"2024-01-07T18:16:50","modified_gmt":"2024-01-07T17:16:50","slug":"precio-bajo-gasoleo-barato-en-leon","status":"publish","type":"page","link":"https:\/\/www.leonpabien.com\/gasoleo-a-domicilio\/es\/precio-bajo-gasoleo-barato-en-leon\/","title":{"rendered":"Precio bajo gas\u00f3leo barato en Le\u00f3n"},"content":{"rendered":"<div class=\"wp-block-image logoFormLEPlus\">\n<figure class=\"aligncenter size-full\"><img loading=\"lazy\" decoding=\"async\" width=\"474\" height=\"42\" src=\"http:\/\/www.leonpabien.com\/gasoleo-a-domicilio\/wp-content\/uploads\/2024\/01\/logo-formula-mejorada-con-denominacion-le-plus.png\" alt=\"F\u00f3rmula mejorada con Denominaci\u00f3n L.E. Plus\" class=\"wp-image-82\" srcset=\"https:\/\/www.leonpabien.com\/gasoleo-a-domicilio\/wp-content\/uploads\/2024\/01\/logo-formula-mejorada-con-denominacion-le-plus.png 474w, https:\/\/www.leonpabien.com\/gasoleo-a-domicilio\/wp-content\/uploads\/2024\/01\/logo-formula-mejorada-con-denominacion-le-plus-300x27.png 300w\" sizes=\"auto, (max-width: 474px) 100vw, 474px\" \/><\/figure>\n<\/div>\n\n\n<blockquote class=\"wp-block-quote is-layout-flow wp-block-quote-is-layout-flow\">\n<p>Hacer llegar a nuestros clientes, la calidad de nuestros productos y servicio es nuestra raz\u00f3n de ser.<\/p>\n<\/blockquote>\n\n\n\n<p>En&nbsp;<strong>LE\u00d3NPABIEN<\/strong>&nbsp;no le vamos a contar que tenemos siempre los mejores precios del mercado, dado que estos productos fluct\u00faan a diario. Pero s\u00ed le aseguramos que nuestros precios siempre son muy competitivos.<\/p>\n\n\n\n<p>Estudiamos el mercado constantemente, para as\u00ed obtener los mejores precios de compra posibles y hacerle llegar a su hogar o negocio productos de la m\u00e1s alta calidad a muy buen precio.<\/p>\n\n\n\n<p>Esto lo conseguimos gracias al esfuerzo diario de mantener nuestras instalaciones y veh\u00edculos en perfectas condiciones.<\/p>\n\n\n\n<p>En\u00a0<strong>LE\u00d3NPABIEN<\/strong>\u00a0hemos apostado por la incorporaci\u00f3n de nuevas tecnolog\u00edas en nuestras instalaciones, que nos permiten trabajar con un producto \u00fanico, m\u00e1s limpio, m\u00e1s eficaz, m\u00e1s cuidadoso con nuestros equipos y maquinaria y m\u00e1s respetuoso con el medio ambiente.<\/p>\n\n\n\n<p class=\"has-text-align-center has-medium-font-size\" style=\"text-decoration:underline\"><strong>SUME LITROS Y RESTE EN EL PRECIO<\/strong><\/p>\n\n\n\n<p><strong>Haga su pedido conjuntamente con sus vecinos, familiares y amigos y beneficiese de un descuento.<\/strong><\/p>\n","protected":false},"excerpt":{"rendered":"<p>Hacer llegar a nuestros clientes, la calidad de nuestros productos y servicio es nuestra raz\u00f3n de ser. En&nbsp;LE\u00d3NPABIEN&nbsp;no le vamos a contar que tenemos siempre los mejores precios del mercado, dado que estos productos fluct\u00faan a diario. Pero s\u00ed le aseguramos que nuestros precios siempre son muy competitivos. Estudiamos el mercado constantemente, para as\u00ed obtener [&hellip;]<\/p>\n","protected":false},"author":1,"featured_media":0,"parent":0,"menu_order":0,"comment_status":"closed","ping_status":"closed","template":"","meta":{"footnotes":""},"class_list":["post-23","page","type-page","status-publish","hentry"],"_links":{"self":[{"href":"https:\/\/www.leonpabien.com\/gasoleo-a-domicilio\/wp-json\/wp\/v2\/pages\/23","targetHints":{"allow":["GET"]}}],"collection":[{"href":"https:\/\/www.leonpabien.com\/gasoleo-a-domicilio\/wp-json\/wp\/v2\/pages"}],"about":[{"href":"https:\/\/www.leonpabien.com\/gasoleo-a-domicilio\/wp-json\/wp\/v2\/types\/page"}],"author":[{"embeddable":true,"href":"https:\/\/www.leonpabien.com\/gasoleo-a-domicilio\/wp-json\/wp\/v2\/users\/1"}],"replies":[{"embeddable":true,"href":"https:\/\/www.leonpabien.com\/gasoleo-a-domicilio\/wp-json\/wp\/v2\/comments?post=23"}],"version-history":[{"count":9,"href":"https:\/\/www.leonpabien.com\/gasoleo-a-domicilio\/wp-json\/wp\/v2\/pages\/23\/revisions"}],"predecessor-version":[{"id":162,"href":"https:\/\/www.leonpabien.com\/gasoleo-a-domicilio\/wp-json\/wp\/v2\/pages\/23\/revisions\/162"}],"wp:attachment":[{"href":"https:\/\/www.leonpabien.com\/gasoleo-a-domicilio\/wp-json\/wp\/v2\/media?parent=23"}],"curies":[{"name":"wp","href":"https:\/\/api.w.org\/{rel}","templated":true}]}}