{"id":25,"date":"2024-01-07T15:21:43","date_gmt":"2024-01-07T14:21:43","guid":{"rendered":"https:\/\/www.leonpabien.com\/gasoleo-a-domicilio\/?page_id=25"},"modified":"2024-01-07T17:58:59","modified_gmt":"2024-01-07T16:58:59","slug":"historia","status":"publish","type":"page","link":"https:\/\/www.leonpabien.com\/gasoleo-a-domicilio\/es\/historia\/","title":{"rendered":"Distribuidores de gas\u00f3leo a domicilio en Le\u00f3n \u00b7 Historia"},"content":{"rendered":"<div class=\"wp-block-image logoFormLEPlus\">\n<figure class=\"aligncenter size-full\"><img loading=\"lazy\" decoding=\"async\" width=\"474\" height=\"42\" src=\"http:\/\/www.leonpabien.com\/gasoleo-a-domicilio\/wp-content\/uploads\/2024\/01\/logo-formula-mejorada-con-denominacion-le-plus.png\" alt=\"F\u00f3rmula mejorada con Denominaci\u00f3n L.E. Plus\" class=\"wp-image-82\" srcset=\"https:\/\/www.leonpabien.com\/gasoleo-a-domicilio\/wp-content\/uploads\/2024\/01\/logo-formula-mejorada-con-denominacion-le-plus.png 474w, https:\/\/www.leonpabien.com\/gasoleo-a-domicilio\/wp-content\/uploads\/2024\/01\/logo-formula-mejorada-con-denominacion-le-plus-300x27.png 300w\" sizes=\"auto, (max-width: 474px) 100vw, 474px\" \/><\/figure>\n<\/div>\n\n\n<blockquote class=\"wp-block-quote is-layout-flow wp-block-quote-is-layout-flow\">\n<p><strong>LE\u00d3NPABIEN<\/strong>, somos una empresa con amplia experiencia en el sector. Nuestros valores son el <strong>compromiso<\/strong>, la <strong>sinceridad<\/strong> y <strong>lealtad<\/strong> hacia nuestros clientes.<\/p>\n<\/blockquote>\n\n\n\n<p>Sabemos la importancia que tiene para usted en su hogar o su negocio el resultado de un&nbsp;<strong>buen servicio<\/strong>. Por eso trabajamos en armon\u00eda con sus deseos ofreci\u00e9ndole&nbsp;<strong>eficacia<\/strong>,&nbsp;<strong>limpieza<\/strong>&nbsp;y el&nbsp;<strong>m\u00e1ximo cuidado<\/strong>&nbsp;al realizar nuestro trabajo.<\/p>\n\n\n\n<p>Trabajamos por y para usted con la finalidad de ofrecerle cada d\u00eda mejores precios y servicios, con atenci\u00f3n personalizada y por igual a&nbsp;todos y cada uno de ustedes.<\/p>\n\n\n\n<p>En&nbsp;<strong>LE\u00d3NPABIEN<\/strong>&nbsp;contamos con&nbsp;<strong>servicio de urgencia.&nbsp;<\/strong>De modo que si usted se queda sin gasoil&nbsp;se lo suministramos incluso durante el fin de semana. Servicio ofrecido a nuestros clientes habituales y siempre que podamos respetar los tiempos de conducci\u00f3n y descanso que tienen que cumplir los conductores profesionales.<\/p>\n\n\n\n<p>Ponemos a su disposici\u00f3n un n\u00famero de tel\u00e9fono fijo y m\u00f3vil, para que se ponga en contacto con nosotros a cualquier hora y d\u00eda y darle una respuesta inmediata.<\/p>\n\n\n\n<p>En&nbsp;<strong>LE\u00d3NPABIEN<\/strong>&nbsp;distribuimos carburantes a domicilio con denominaci\u00f3n&nbsp;<strong>L.E. PLUS&nbsp;<\/strong>(Formula&nbsp;Mejorada) para calefacci\u00f3n, industria, colectivos agrario-ganaderos y de automoci\u00f3n para empresas grandes y peque\u00f1as.<\/p>\n","protected":false},"excerpt":{"rendered":"<p>LE\u00d3NPABIEN, somos una empresa con amplia experiencia en el sector. Nuestros valores son el compromiso, la sinceridad y lealtad hacia nuestros clientes. Sabemos la importancia que tiene para usted en su hogar o su negocio el resultado de un&nbsp;buen servicio. Por eso trabajamos en armon\u00eda con sus deseos ofreci\u00e9ndole&nbsp;eficacia,&nbsp;limpieza&nbsp;y el&nbsp;m\u00e1ximo cuidado&nbsp;al realizar nuestro trabajo. Trabajamos [&hellip;]<\/p>\n","protected":false},"author":1,"featured_media":0,"parent":0,"menu_order":0,"comment_status":"closed","ping_status":"closed","template":"","meta":{"footnotes":""},"class_list":["post-25","page","type-page","status-publish","hentry"],"_links":{"self":[{"href":"https:\/\/www.leonpabien.com\/gasoleo-a-domicilio\/wp-json\/wp\/v2\/pages\/25","targetHints":{"allow":["GET"]}}],"collection":[{"href":"https:\/\/www.leonpabien.com\/gasoleo-a-domicilio\/wp-json\/wp\/v2\/pages"}],"about":[{"href":"https:\/\/www.leonpabien.com\/gasoleo-a-domicilio\/wp-json\/wp\/v2\/types\/page"}],"author":[{"embeddable":true,"href":"https:\/\/www.leonpabien.com\/gasoleo-a-domicilio\/wp-json\/wp\/v2\/users\/1"}],"replies":[{"embeddable":true,"href":"https:\/\/www.leonpabien.com\/gasoleo-a-domicilio\/wp-json\/wp\/v2\/comments?post=25"}],"version-history":[{"count":14,"href":"https:\/\/www.leonpabien.com\/gasoleo-a-domicilio\/wp-json\/wp\/v2\/pages\/25\/revisions"}],"predecessor-version":[{"id":137,"href":"https:\/\/www.leonpabien.com\/gasoleo-a-domicilio\/wp-json\/wp\/v2\/pages\/25\/revisions\/137"}],"wp:attachment":[{"href":"https:\/\/www.leonpabien.com\/gasoleo-a-domicilio\/wp-json\/wp\/v2\/media?parent=25"}],"curies":[{"name":"wp","href":"https:\/\/api.w.org\/{rel}","templated":true}]}}