{"id":37,"date":"2024-01-07T15:39:48","date_gmt":"2024-01-07T14:39:48","guid":{"rendered":"https:\/\/www.leonpabien.com\/gasoleo-a-domicilio\/?page_id=37"},"modified":"2024-01-07T18:20:18","modified_gmt":"2024-01-07T17:20:18","slug":"politica-de-privacidad","status":"publish","type":"page","link":"https:\/\/www.leonpabien.com\/gasoleo-a-domicilio\/es\/politica-de-privacidad\/","title":{"rendered":"Pol\u00edtica de privacidad"},"content":{"rendered":"\n<h2 class=\"wp-block-heading\">\u00bfC\u00d3MO TRATAMOS SUS DATOS PERSONALES?<\/h2>\n\n\n\n<p>A trav\u00e9s de la&nbsp;<strong>POL\u00cdTICA DE PRIVACIDAD<\/strong>&nbsp;establecemos la forma en que van a ser gestionados sus datos personales en esta web. Es imprescindible que primero la lea y luego la acepte antes de seguir navegando. En cumplimiento de lo establecido en la normativa aplicable de Protecci\u00f3n de Datos y atendiendo al principio de transparencia, pretendemos que toda informaci\u00f3n y comunicaci\u00f3n relativa al tratamiento de datos de car\u00e1cter personal sea de f\u00e1cil acceso y comprensible para cualquier usuario. Para ello,&nbsp;<strong>LEONPABIEN ENERGY, S.L.<\/strong>, como responsable del tratamiento, le informa que los datos obtenidos a trav\u00e9s de su p\u00e1gina web&nbsp;<a href=\"http:\/\/www.leonpabien.com\/gasoleo-a-domicilio\/es\/\">http:\/\/www.leonpabien.com\/gasoleo-a-domicilio\/es\/<\/a>&nbsp;ser\u00e1n tratados de acuerdo a la legislaci\u00f3n vigente.<\/p>\n\n\n\n<p>La finalidad del tratamiento de sus datos es informarle acerca de nuestros servicios y almacenar sus datos personales para responder a las cuestiones que nos formule a trav\u00e9s de nuestro formulario web de contacto.<\/p>\n\n\n\n<p>Los servicios ofrecidos a trav\u00e9s del sitio web s\u00f3lo est\u00e1n disponibles para mayores de edad. Por lo tanto, aquellos que no cumplan con esta condici\u00f3n deber\u00e1n abstenerse de suministrar informaci\u00f3n personal en nuestro formulario de contacto. Sin embargo, seg\u00fan estipula el art\u00edculo 8 del RGPD (UE) 2016\/679, en relaci\u00f3n con el art\u00edculo 7 de la Ley Org\u00e1nica 3\/2018, de 5 de diciembre, de Protecci\u00f3n de Datos Personales y garant\u00eda de los derechos digitales, el tratamiento de los datos personales de un menor de edad podr\u00e1 fundarse en su consentimiento siempre y cuando sea mayor de catorce a\u00f1os, excepto cuando la ley exija la asistencia de los titulares de la patria potestad o tutela para la celebraci\u00f3n del acto o negocio jur\u00eddico en cuyo contexto se recaba el consentimiento para el tratamiento.<\/p>\n\n\n\n<p><strong>LEONPABIEN ENERGY, S.L.<\/strong>&nbsp;le informa que los datos personales recogidos a trav\u00e9s del formulario web de contacto, ser\u00e1n incluidos en ficheros espec\u00edficos que forman parte del Registro de actividades de tratamiento de la Organizaci\u00f3n, comprometi\u00e9ndose a tratarlos con estricta confidencialidad, guardando el secreto debido y garantizando las medidas de seguridad apropiadas.<\/p>\n\n\n\n<p>Le informamos que no se ceder\u00e1n datos a terceros ni se realizar\u00e1n transferencias internacionales de datos, salvo obligaci\u00f3n legal de obligado cumplimiento.<\/p>\n\n\n\n<p>La empresa informa de su&nbsp;<strong>POL\u00cdTICA DE COOKIES,<\/strong>&nbsp;cumpliendo as\u00ed con lo previsto en el art\u00edculo 22.2 de la Ley 34\/2002, de 11 de julio de Servicios de la Sociedad de la Informaci\u00f3n y de Comercio Electr\u00f3nico.<\/p>\n\n\n\n<p>Siguiendo los principios de licitud, lealtad y transparencia, ponemos a su disposici\u00f3n la presente&nbsp;<strong>POL\u00cdTICA DE PRIVACIDAD<\/strong>.<\/p>\n\n\n\n<h2 class=\"wp-block-heading\">INFORMACI\u00d3N COMPLETA SOBRE EL TRATAMIENTO DE SUS DATOS PERSONALES<\/h2>\n\n\n\n<p>Siguiendo los principios de licitud, lealtad y transparencia, ponemos a su disposici\u00f3n la presente&nbsp;<strong>POL\u00cdTICA DE PRIVACIDAD.<\/strong><\/p>\n\n\n\n<h3 class=\"wp-block-heading\">\u00bfQUI\u00c9N ES EL RESPONSABLE DEL TRATAMIENTO DE SUS DATOS?<\/h3>\n\n\n\n<ul class=\"wp-block-list\">\n<li>NOMBRE FISCAL: LEONPABIEN ENERGY, S.L.<\/li>\n\n\n\n<li>NOMBRE COMERCIAL: LEONPABIEN<\/li>\n\n\n\n<li>C.I.F.: B-24707051<\/li>\n\n\n\n<li>DOMICILIO SOCIAL: Carretera de Caboalles, N\u00ba 261 (24.191) Villabalter (Le\u00f3n)<\/li>\n\n\n\n<li>DIRECCI\u00d3N A EFECTOS DE NOTIFICACI\u00d3N: La misma<\/li>\n\n\n\n<li>CORREO ELECTR\u00d3NICO: comercial@leonpabien.com<\/li>\n\n\n\n<li>TEL\u00c9FONO: (+34) 987.26.52.98<\/li>\n\n\n\n<li>Inscrita en el Registro Mercantil de Le\u00f3n, Tomo 1321, Folio 1, Secci\u00f3n 8, Hoja LE-24862.<\/li>\n<\/ul>\n\n\n\n<h3 class=\"wp-block-heading\">\u00bfCON QU\u00c9 FINALIDAD TRATAMOS SUS DATOS PERSONALES?<\/h3>\n\n\n\n<p>Responder a sus preguntas formuladas a trav\u00e9s de nuestro formulario web de contacto.<\/p>\n\n\n\n<p>El usuario responder\u00e1, en cualquier caso, de la veracidad de los datos facilitados, siendo responsable de comunicar cualquier modificaci\u00f3n en los mismos, y quedando LEONPABIEN ENERGY, S.L. exento de cualquier tipo de responsabilidad en este sentido.<\/p>\n\n\n\n<h3 class=\"wp-block-heading\">\u00bfCU\u00c1L ES LA LEGITIMACI\u00d3N PARA EL TRATAMIENTO DE SUS DATOS?<\/h3>\n\n\n\n<p>La base legal para el tratamiento de sus datos personales es la siguiente:<\/p>\n\n\n\n<ul class=\"wp-block-list\">\n<li>Ejecuci\u00f3n de un contrato de prestaci\u00f3n de servicios, en el caso de que Usted sea cliente o proveedor.<\/li>\n\n\n\n<li>Ejecuci\u00f3n de un contrato laboral, en el caso de que Usted sea empleado.<\/li>\n\n\n\n<li>Consentimiento del interesado prestado en la p\u00e1gina web, mediante petici\u00f3n o consulta a trav\u00e9s de nuestro formulario web.<\/li>\n<\/ul>\n\n\n\n<p>Los datos que le solicitamos son adecuados, pertinentes y estrictamente necesarios y, en ning\u00fan caso, est\u00e1 obligado a facilit\u00e1rnoslos, pero su no comunicaci\u00f3n podr\u00e1 afectar a la finalidad del servicio o la imposibilidad de prestarlo.<\/p>\n\n\n\n<h3 class=\"wp-block-heading\">\u00bfPOR CU\u00c1NTO TIEMPO CONSERVAREMOS SUS DATOS PERSONALES?<\/h3>\n\n\n\n<p>El plazo para la conservaci\u00f3n de los datos recabados y tratados ser\u00e1 limitado. Dicho plazo ser\u00e1 el necesario para cumplir con las obligaciones legales impuestas a LEONPABIEN ENERGY, S.L. atendiendo a las diferentes normativas aplicables.<\/p>\n\n\n\n<p>En todo caso, LEONPABIEN ENERGY, S.L. recoge de forma exhaustiva los plazos de conservaci\u00f3n de los diferentes documentos obrantes en su poder en su registro de actividades del tratamiento.<\/p>\n\n\n\n<p>Los datos personales proporcionados se conservar\u00e1n mientras se mantenga la relaci\u00f3n comercial o bien hasta que no se solicite su supresi\u00f3n por parte del interesado.<\/p>\n\n\n\n<h3 class=\"wp-block-heading\">\u00bfA QU\u00c9 DESTINATARIOS SE COMUNICAR\u00c1N SUS DATOS?<\/h3>\n\n\n\n<p><strong>LEONPABIEN ENERGY, S.L.<\/strong>&nbsp;por requisito legal comunicar\u00e1 sus datos a:<\/p>\n\n\n\n<ul class=\"wp-block-list\">\n<li>La Administraci\u00f3n Tributaria (en el caso de empleados, proveedores y clientes).<\/li>\n\n\n\n<li>La Administraci\u00f3n de Justicia, si fuera necesario.<\/li>\n<\/ul>\n\n\n\n<h3 class=\"wp-block-heading\">\u00bfCU\u00c1LES SON SUS DERECHOS CUANDO NOS FACILITA SUS DATOS?<\/h3>\n\n\n\n<p>Cualquier persona tiene derecho a obtener confirmaci\u00f3n sobre si LEONPABIEN ENERGY, S.L. trata sus datos personales. El responsable del tratamiento facilitar\u00e1 al interesado el ejercicio de sus derechos en virtud de los art\u00edculos 15 a 22 RGPD (UE) 2016\/679 y art\u00edculos 12 a 18 de la Ley Org\u00e1nica 3\/2018, de 5 de diciembre, de Protecci\u00f3n de Datos Personales y garant\u00eda de los derechos digitales.<\/p>\n\n\n\n<ul class=\"wp-block-list\">\n<li><strong>Derecho de acceso del interesado:<\/strong>&nbsp;El interesado tendr\u00e1 derecho a obtener del responsable del tratamiento confirmaci\u00f3n de si se est\u00e1n tratando o no datos personales que le conciernen y, en tal caso, derecho de acceso a los datos personales concretos que se est\u00e1n tratando.<\/li>\n\n\n\n<li><strong>Derecho de rectificaci\u00f3n:<\/strong>&nbsp;El interesado tendr\u00e1 derecho a obtener sin dilaci\u00f3n indebida del responsable del tratamiento la rectificaci\u00f3n de los datos personales inexactos que le conciernan. Teniendo en cuenta los fines del tratamiento, el interesado tendr\u00e1 derecho a que se completen los datos personales que sean incompletos, inclusive mediante una declaraci\u00f3n adicional.<\/li>\n\n\n\n<li><strong>Derecho de supresi\u00f3n&nbsp;<\/strong>(\u201cel derecho al olvido\u201d): El interesado tendr\u00e1 derecho a obtener sin dilaci\u00f3n indebida del responsable del tratamiento la supresi\u00f3n de los datos personales que le conciernan, el cual estar\u00e1 obligado a suprimir, entre otros motivos, los datos personales que ya no sean necesarios en relaci\u00f3n con los fines para los que fueron recogidos o tratados de otro modo.<\/li>\n\n\n\n<li><strong>Derecho a solicitar la limitaci\u00f3n de su tratamiento:<\/strong>&nbsp;El interesado tendr\u00e1 derecho a obtener del responsable del tratamiento la limitaci\u00f3n del tratamiento de los datos cuando se cumpla alg\u00fan supuesto concreto.<\/li>\n\n\n\n<li><strong>Derecho de oponerse al tratamiento:<\/strong>&nbsp;El interesado podr\u00e1 oponerse a que el responsable realice un tratamiento de sus datos personales.<\/li>\n\n\n\n<li><strong>Derecho a la portabilidad de los datos:<\/strong>&nbsp;El interesado tendr\u00e1 derecho a recibir los datos personales que le incumban, que haya facilitado a un responsable del tratamiento, en un formato estructurado, de uso com\u00fan y lectura mec\u00e1nica, y a transmitirlos a otro responsable del tratamiento sin que lo impida el responsable al que se los hubiera facilitado.<\/li>\n<\/ul>\n\n\n\n<p>Puede ejercer sus derechos mediante un escrito dirigido a LEONPABIEN ENERGY, S.L. a la direcci\u00f3n: LEONPABIEN ENERGY, S.L.: Carretera Caboalles, N\u00ba 261 C.P.: 24.191, Villabalter (Le\u00f3n) o bien a trav\u00e9s de nuestro correo electr\u00f3nico habilitado para tal efecto:&nbsp;<a href=\"mailto:comercial@leonpabien.com\">comercial@leonpabien.com<\/a>.<\/p>\n\n\n\n<p>Le informamos que tambi\u00e9n tiene derecho a retirar su consentimiento en cualquier momento, sin que ello afecte a la licitud del tratamiento basado en el consentimiento previo a su retirada.<\/p>\n\n\n\n<p>Tiene derecho a presentar una reclamaci\u00f3n ante la Agencia Espa\u00f1ola de Protecci\u00f3n de Datos, si considera que sus datos no se han atendido debidamente, en Calle Jorge Juan, 6, 28001 \u2013 Madrid.<\/p>\n\n\n\n<h3 class=\"wp-block-heading\">\u00bfCU\u00c1L ES LA PROCEDENCIA DE SUS DATOS?<\/h3>\n\n\n\n<p>Los datos personales que tratamos en&nbsp;<strong>LEONPABIEN ENERGY, S.L.<\/strong>&nbsp;pueden proceder de las siguientes fuentes:<\/p>\n\n\n\n<ul class=\"wp-block-list\">\n<li>BBDD propias de la Organizaci\u00f3n, elaboradas con datos de clientes y proveedores de la Organizaci\u00f3n.<\/li>\n\n\n\n<li>Contactos obtenidos a trav\u00e9s del formulario de contacto de nuestra p\u00e1gina web: http:\/\/www.leonpabien.com\/gasoleo-a-domicilio\/es\/contacto-solicitar-presupuesto-preciogasoleo- gasoil\/<\/li>\n<\/ul>\n\n\n\n<p>Las categor\u00edas de datos que trata LE\u00d3NPABIEN son:<\/p>\n\n\n\n<ul class=\"wp-block-list\">\n<li>Formulario web de contacto: datos identificativos (nombre, tel\u00e9fono, poblaci\u00f3n, correo electr\u00f3nico).<\/li>\n\n\n\n<li>Datos de clientes y\/o proveedores: datos identificativos (nombre, apellidos, DNI, direcci\u00f3n, tel\u00e9fono), datos bancarios.<\/li>\n<\/ul>\n\n\n\n<h3 class=\"wp-block-heading\">\u00bfQU\u00c9 NORMATIVA HEMOS APLICADO PARA PROTEGER TUS DATOS?<\/h3>\n\n\n\n<p>Le informamos que para adaptar nuestra p\u00e1gina web a las exigencias actuales, hemos utilizado la siguiente normativa aplicable:<\/p>\n\n\n\n<ul class=\"wp-block-list\">\n<li>Reglamento (UE) 2016\/679 del Parlamento Europeo y del Consejo de 27 de abril de 2016 relativo a la protecci\u00f3n de las personas f\u00edsicas (RGPD).<\/li>\n\n\n\n<li>Ley Org\u00e1nica 3\/2018, de 5 de diciembre, de Protecci\u00f3n de Datos Personales y garant\u00eda de los derechos digitales.<\/li>\n\n\n\n<li>Ley 34\/2002, de 11 de julio, de Servicios de la Sociedad de la Informaci\u00f3n y Comercio Electr\u00f3nico (LSSICE o LSSI).<\/li>\n<\/ul>\n\n\n\n<p>LEONPABIEN ENERGY, S.L. se reserva el derecho de modificar la presente Pol\u00edtica de Privacidad de acuerdo con la legislaci\u00f3n aplicable en cada momento, de lo que informar\u00e1 debidamente en la p\u00e1gina web. Recomendamos al Usuario que la revise peri\u00f3dicamente para estar informado acerca de c\u00f3mo LEONPABIEN ENERGY, S.L. protege su informaci\u00f3n.<\/p>\n\n\n\n<p>Esta Pol\u00edtica de Privacidad est\u00e1 actualizada a fecha de 1 de marzo de 2019.<\/p>\n","protected":false},"excerpt":{"rendered":"<p>\u00bfC\u00d3MO TRATAMOS SUS DATOS PERSONALES? A trav\u00e9s de la&nbsp;POL\u00cdTICA DE PRIVACIDAD&nbsp;establecemos la forma en que van a ser gestionados sus datos personales en esta web. Es imprescindible que primero la lea y luego la acepte antes de seguir navegando. En cumplimiento de lo establecido en la normativa aplicable de Protecci\u00f3n de Datos y atendiendo al [&hellip;]<\/p>\n","protected":false},"author":1,"featured_media":0,"parent":0,"menu_order":0,"comment_status":"closed","ping_status":"closed","template":"","meta":{"footnotes":""},"class_list":["post-37","page","type-page","status-publish","hentry"],"_links":{"self":[{"href":"https:\/\/www.leonpabien.com\/gasoleo-a-domicilio\/wp-json\/wp\/v2\/pages\/37","targetHints":{"allow":["GET"]}}],"collection":[{"href":"https:\/\/www.leonpabien.com\/gasoleo-a-domicilio\/wp-json\/wp\/v2\/pages"}],"about":[{"href":"https:\/\/www.leonpabien.com\/gasoleo-a-domicilio\/wp-json\/wp\/v2\/types\/page"}],"author":[{"embeddable":true,"href":"https:\/\/www.leonpabien.com\/gasoleo-a-domicilio\/wp-json\/wp\/v2\/users\/1"}],"replies":[{"embeddable":true,"href":"https:\/\/www.leonpabien.com\/gasoleo-a-domicilio\/wp-json\/wp\/v2\/comments?post=37"}],"version-history":[{"count":3,"href":"https:\/\/www.leonpabien.com\/gasoleo-a-domicilio\/wp-json\/wp\/v2\/pages\/37\/revisions"}],"predecessor-version":[{"id":164,"href":"https:\/\/www.leonpabien.com\/gasoleo-a-domicilio\/wp-json\/wp\/v2\/pages\/37\/revisions\/164"}],"wp:attachment":[{"href":"https:\/\/www.leonpabien.com\/gasoleo-a-domicilio\/wp-json\/wp\/v2\/media?parent=37"}],"curies":[{"name":"wp","href":"https:\/\/api.w.org\/{rel}","templated":true}]}}