{"id":39,"date":"2024-01-07T15:40:08","date_gmt":"2024-01-07T14:40:08","guid":{"rendered":"https:\/\/www.leonpabien.com\/gasoleo-a-domicilio\/?page_id=39"},"modified":"2024-01-07T18:19:07","modified_gmt":"2024-01-07T17:19:07","slug":"aviso-legal","status":"publish","type":"page","link":"https:\/\/www.leonpabien.com\/gasoleo-a-domicilio\/es\/aviso-legal\/","title":{"rendered":"Aviso legal"},"content":{"rendered":"\n<h3 class=\"wp-block-heading\">IDENTIFICACI\u00d3N<\/h3>\n\n\n\n<p><strong>LEONPABIEN ENERGY, S.L.<\/strong>, con CIF: B-24707051, Sociedad espa\u00f1ola con domicilio en Villabalter (Le\u00f3n), Carretera Caboalles, N\u00ba 261 (24.191), Entidad inscrita en el Registro Mercantil de Le\u00f3n, Tomo 1321, Folio 1, Secci\u00f3n 8, Hoja LE-24862, con tel\u00e9fono (+34) 987.26.52.98 y correo electr\u00f3nico&nbsp;<a href=\"mailto:comercial@leonpabien.com\">comercial@leonpabien.com<\/a><\/p>\n\n\n\n<h3 class=\"wp-block-heading\">OBJETO<\/h3>\n\n\n\n<p>LEONPABIEN ENERGY, S.L., responsable del sitio web, pone a disposici\u00f3n de los usuarios el presente documento con el que pretende dar cumplimiento a las obligaciones dispuestas en la&nbsp;<em>Ley 34\/2002, de Servicios de la Sociedad de la Informaci\u00f3n y del Comercio Electr\u00f3nico (LSSI-CE),<\/em>&nbsp;as\u00ed como informar a todos los usuarios del sitio web respecto a cu\u00e1les son las condiciones de uso del mismo. Toda persona que acceda a este sitio web asume el papel de usuario, comprometi\u00e9ndose a la observancia y cumplimiento riguroso de las disposiciones aqu\u00ed incluidas, as\u00ed como a cualquier otra disposici\u00f3n legal que fuera de aplicaci\u00f3n.&nbsp;<strong>LEONPABIEN ENERGY, S.L.<\/strong>&nbsp;se reserva el derecho a modificar cualquier tipo de informaci\u00f3n que pudiera aparecer en el sitio web, sin que exista obligaci\u00f3n de preavisar o poner en conocimiento de los usuarios dichas obligaciones, entendi\u00e9ndose como suficiente con la publicaci\u00f3n en el sitio web del prestador.<\/p>\n\n\n\n<h3 class=\"wp-block-heading\">RESPONSABILIDAD<\/h3>\n\n\n\n<p><strong>LEONPABIEN ENERGY, S.L.<\/strong>&nbsp;se exime de cualquier tipo de responsabilidad derivada de la informaci\u00f3n publicada en su sitio web, siempre que esta informaci\u00f3n haya sido manipulada o introducida por un tercero ajeno al mismo.<\/p>\n\n\n\n<p>Dado que&nbsp;<strong>LEONPABIEN ENERGY, S.L.<\/strong>&nbsp;no puede controlar siempre los contenidos introducidos por los terceros en su sitio, \u00e9ste no asume ning\u00fan tipo de responsabilidad respecto a dichos contenidos. En todo caso,&nbsp;<strong>LEONPABIEN ENERGY, S.L.<\/strong>&nbsp;manifiesta que proceder\u00e1 a la retirada inmediata de cualquier contenido que pudiera contravenir la legislaci\u00f3n nacional o internacional, la moral o el orden p\u00fablico, procediendo a la retirada inmediata de la redirecci\u00f3n a dicho sitio web, poniendo en conocimiento de las autoridades competentes el contenido en cuesti\u00f3n.<\/p>\n\n\n\n<p><strong>LEONPABIEN ENERGY, S.L.<\/strong>&nbsp;no se hace responsable de la informaci\u00f3n y contenidos almacenados, a t\u00edtulo enunciativo pero no limitativo, en foros, chats, generadores de blogs, comentarios, redes sociales o cualquier otro medio que permita a terceros publicar contenidos de forma independiente en la p\u00e1gina web de&nbsp;<strong>LEONPABIEN ENERGY, S.L.<\/strong>&nbsp;No obstante y en cumplimiento de lo dispuesto en los art. 11 y 16 de la LSSI-CE,&nbsp;<strong>LEONPABIEN ENERGY, S.L.<\/strong>&nbsp;se pone a disposici\u00f3n de todos los usuarios, autoridades y fuerzas de seguridad, para colaborar de forma activa en la retirada o en su caso bloqueo de todos aquellos contenidos que pudieran afectar o contravenir la legislaci\u00f3n nacional, o internacional, derechos de terceros o la moral y el orden p\u00fablico. En caso de que el usuario considere que existe en el sitio web alg\u00fan contenido que pudiera ser susceptible de esta clasificaci\u00f3n, se ruega lo notifique de forma inmediata al administrador del sitio web.<\/p>\n\n\n\n<p>Este sitio web ha sido revisado y probado para que funcione correctamente. En principio, puede garantizarse el correcto funcionamiento los 365 d\u00edas del a\u00f1o, 24 horas al d\u00eda. No obstante,&nbsp;<strong>LEONPABIEN ENERGY, S.L.<\/strong>&nbsp;no descarta la posibilidad de que existan ciertos errores de programaci\u00f3n, o que acontezcan causas de fuerza mayor, cat\u00e1strofes naturales, huelgas, o circunstancias semejantes que hagan imposible el acceso a la p\u00e1gina web.<\/p>\n\n\n\n<h3 class=\"wp-block-heading\">PROPIEDAD INTELECTUAL E INDUSTRIAL<\/h3>\n\n\n\n<p>El sitio web (incluyendo a t\u00edtulo enunciativo pero no limitativo su programaci\u00f3n, edici\u00f3n, compilaci\u00f3n y dem\u00e1s elementos necesarios para su funcionamiento, los dise\u00f1os, logotipos, texto y\/o gr\u00e1ficos) es propiedad de&nbsp;<strong>LEONPABIEN ENERGY, S.L.<\/strong>&nbsp;o, en su caso, dispone de licencia o autorizaci\u00f3n expresa por parte de los autores.<\/p>\n\n\n\n<p>Independientemente de la finalidad para la que fueran destinados, la reproducci\u00f3n total o parcial, uso, explotaci\u00f3n, distribuci\u00f3n y comercializaci\u00f3n, requiere en todo caso de la autorizaci\u00f3n escrita previa por parte de&nbsp;<strong>LEONPABIEN ENERGY, S.L.<\/strong>&nbsp;Cualquier uso no autorizado previamente por parte de&nbsp;<strong>LEONPABIEN ENERGY, S.L.<\/strong>&nbsp;ser\u00e1 considerado un incumplimiento grave de los derechos de propiedad intelectual o industrial del autor. Los dise\u00f1os, logotipos, texto y\/o gr\u00e1ficos ajenos a&nbsp;<strong>LEONPABIEN ENERGY, S.L.<\/strong>&nbsp;y que pudieran aparecer en el sitio web, pertenecen a sus respectivos propietarios, siendo ellos mismos responsables de cualquier posible controversia que pudiera suscitarse respecto a los mismos. En todo caso,&nbsp;<strong>LEONPABIEN ENERGY, S.L.<\/strong>&nbsp;cuenta con la autorizaci\u00f3n expresa y previa por parte de los mismos.<\/p>\n\n\n\n<p><strong>LEONPABIEN ENERGY, S.L.<\/strong>&nbsp;reconoce a favor de sus titulares los correspondientes derechos de propiedad industrial e intelectual, no implicando su sola menci\u00f3n o aparici\u00f3n en el sitio web la existencia de derechos o responsabilidad alguna de&nbsp;<strong>LEONPABIEN ENERGY, S.L.<\/strong>&nbsp;sobre los mismos, como tampoco respaldo, patrocinio o recomendaci\u00f3n por parte del mismo.<\/p>\n\n\n\n<h3 class=\"wp-block-heading\">LEY APLICABLE Y JURISDICCI\u00d3N<\/h3>\n\n\n\n<p>Para la resoluci\u00f3n de todas las controversias o cuestiones relacionadas con el presente sitio web o de las actividades en \u00e9l desarrolladas, ser\u00e1 de aplicaci\u00f3n la legislaci\u00f3n espa\u00f1ola, a la que se someten expresamente las partes, siendo competentes para la resoluci\u00f3n de todos los conflictos derivados o relacionados con su uso, cuando proceda en los Juzgados correspondientes seg\u00fan el domicilio del usuario.<\/p>\n\n\n\n<p>Igualmente,&nbsp;<strong>LEONPABIEN ENERGY, S.L.<\/strong>&nbsp;y el usuario podr\u00e1n someter sus conflictos a los arbitrajes previstos en la legislaci\u00f3n de arbitraje y de defensa de los consumidores y usuarios, y a los procedimientos de resoluci\u00f3n extrajudicial de conflictos que se instauren por medio de c\u00f3digos de conducta u otros instrumentos de autorregulaci\u00f3n.<\/p>\n","protected":false},"excerpt":{"rendered":"<p>IDENTIFICACI\u00d3N LEONPABIEN ENERGY, S.L., con CIF: B-24707051, Sociedad espa\u00f1ola con domicilio en Villabalter (Le\u00f3n), Carretera Caboalles, N\u00ba 261 (24.191), Entidad inscrita en el Registro Mercantil de Le\u00f3n, Tomo 1321, Folio 1, Secci\u00f3n 8, Hoja LE-24862, con tel\u00e9fono (+34) 987.26.52.98 y correo electr\u00f3nico&nbsp;comercial@leonpabien.com OBJETO LEONPABIEN ENERGY, S.L., responsable del sitio web, pone a disposici\u00f3n de los [&hellip;]<\/p>\n","protected":false},"author":1,"featured_media":0,"parent":0,"menu_order":0,"comment_status":"closed","ping_status":"closed","template":"","meta":{"footnotes":""},"class_list":["post-39","page","type-page","status-publish","hentry"],"_links":{"self":[{"href":"https:\/\/www.leonpabien.com\/gasoleo-a-domicilio\/wp-json\/wp\/v2\/pages\/39","targetHints":{"allow":["GET"]}}],"collection":[{"href":"https:\/\/www.leonpabien.com\/gasoleo-a-domicilio\/wp-json\/wp\/v2\/pages"}],"about":[{"href":"https:\/\/www.leonpabien.com\/gasoleo-a-domicilio\/wp-json\/wp\/v2\/types\/page"}],"author":[{"embeddable":true,"href":"https:\/\/www.leonpabien.com\/gasoleo-a-domicilio\/wp-json\/wp\/v2\/users\/1"}],"replies":[{"embeddable":true,"href":"https:\/\/www.leonpabien.com\/gasoleo-a-domicilio\/wp-json\/wp\/v2\/comments?post=39"}],"version-history":[{"count":2,"href":"https:\/\/www.leonpabien.com\/gasoleo-a-domicilio\/wp-json\/wp\/v2\/pages\/39\/revisions"}],"predecessor-version":[{"id":163,"href":"https:\/\/www.leonpabien.com\/gasoleo-a-domicilio\/wp-json\/wp\/v2\/pages\/39\/revisions\/163"}],"wp:attachment":[{"href":"https:\/\/www.leonpabien.com\/gasoleo-a-domicilio\/wp-json\/wp\/v2\/media?parent=39"}],"curies":[{"name":"wp","href":"https:\/\/api.w.org\/{rel}","templated":true}]}}