{"id":41,"date":"2024-01-07T15:40:22","date_gmt":"2024-01-07T14:40:22","guid":{"rendered":"https:\/\/www.leonpabien.com\/gasoleo-a-domicilio\/?page_id=41"},"modified":"2024-01-07T18:21:13","modified_gmt":"2024-01-07T17:21:13","slug":"aviso-sobre-las-cookies","status":"publish","type":"page","link":"https:\/\/www.leonpabien.com\/gasoleo-a-domicilio\/es\/aviso-sobre-las-cookies\/","title":{"rendered":"Aviso sobre las cookies"},"content":{"rendered":"\n<h3 class=\"wp-block-heading\">1. \u00bfQu\u00e9 son las Cookies?<\/h3>\n\n\n\n<p>Este site titularidad de LEONPABIEN ENERGY, S.L. utiliza cookies y otros archivos de funcionalidad similar (en adelante, las \u201cCookies\u201d).<\/p>\n\n\n\n<p>Las Cookies son peque\u00f1os archivos de datos que se env\u00edan al ordenador del Usuario, tel\u00e9fono m\u00f3vil u otro dispositivo de acceso cuando visita una p\u00e1gina web y que permiten obtener informaci\u00f3n relativa a su navegaci\u00f3n o un c\u00f3digo que permite identificar un\u00edvocamente al Usuario, mejorando la experiencia del Usuario en la navegaci\u00f3n.<\/p>\n\n\n\n<h3 class=\"wp-block-heading\">2. Tipolog\u00eda de Cookies y Finalidades de Uso<\/h3>\n\n\n\n<p>Al navegar por este site se utilizan Cookies de Sesi\u00f3n y Cookies Persistentes, Cookies Propias, y Cookies de Terceros.<\/p>\n\n\n\n<h3 class=\"wp-block-heading\">2.1. COOKIES DE SESION<\/h3>\n\n\n\n<p>Son cookies dise\u00f1adas para recabar y almacenar datos mientras el Usuario accede a una p\u00e1gina web. Se suelen emplear para almacenar informaci\u00f3n que solo interesa conservar para la prestaci\u00f3n del servicio solicitado por el Usuario en una sola ocasi\u00f3n.<\/p>\n\n\n\n<h3 class=\"wp-block-heading\">2.2. COOKIES PERSISTENTES<\/h3>\n\n\n\n<p>Son un tipo de cookies en el que los datos siguen almacenados en el terminal y a los que se puede acceder y tratar durante un periodo definido por el responsable de la cookie, y que puede ir de unos minutos a varios a\u00f1os.<\/p>\n\n\n\n<h3 class=\"wp-block-heading\">2.3. COOKIES PROPIAS<\/h3>\n\n\n\n<p>Las creadas o gestionadas por el responsable del site, con las siguientes finalidades:<\/p>\n\n\n\n<p>Fines de publicidad comportamental: Cookies que permiten la gesti\u00f3n de los espacios publicitarios, mediante el almacenamiento de la informaci\u00f3n relativa al comportamiento de los Usuarios, obtenida a trav\u00e9s de la observaci\u00f3n continuada de sus h\u00e1bitos de navegaci\u00f3n, lo que permite crear un perfil espec\u00edfico y mostrar publicidad personalizada.<\/p>\n\n\n\n<h3 class=\"wp-block-heading\">2.4. COOKIES DE TERCEROS<\/h3>\n\n\n\n<p>Las administradas por prestadores de servicios publicitarios y\/o de an\u00e1lisis ajenos a LEONPABIEN ENERGY, S.L..<\/p>\n\n\n\n<p>A continuaci\u00f3n se detallan tanto los terceros que pueden configurar y acceder a las Cookies de su equipo como las finalidades con las que es utilizada la informaci\u00f3n que almacenan:<\/p>\n\n\n\n<p><strong>Cookie de sesi\u00f3n<\/strong><\/p>\n\n\n\n<p>Registrar las entradas de datos del usuario en la web.<br>Creada cuando el usuario rellena un formulario o se navega a trav\u00e9s del website.<br>Propietario: Leonpabien.com<br>Nombre de la cookie: qtrans_cookie_test, wp-settings<\/p>\n\n\n\n<p><strong>Cookie de autenticaci\u00f3n de usuarios<\/strong><\/p>\n\n\n\n<p>Permite identificarle como usuario registrado y permitirle la navegaci\u00f3n por los distintos contenidos de la web.<br>Creada cuando el usuario rellena un formulario. \u00danicamente mientras dure la sesi\u00f3n.<br>Propietario: Leonpabien.com.<br>Cookie name: qtrans_cookie_test, wp-settings<\/p>\n\n\n\n<p><strong>Cookie de redes sociales<\/strong><\/p>\n\n\n\n<p>Permitir al usuario compartir contenidos con miembros de una determinada red social.<br>Propietario: La red social que crea la cookie (Twitter Inc., Facebook Inc., \u2026)<\/p>\n\n\n\n<p><strong>Cookie de Google Analytics<\/strong><\/p>\n\n\n\n<p>Para realizar las estad\u00edsticas de uso de la web utilizamos las cookies con la finalidad de conocer el nivel de recurrencia de nuestros visitantes y los contenidos que resultan m\u00e1s interesantes. De esta manera podemos concentrar nuestros esfuerzos en mejorar las \u00e1reas m\u00e1s visitadas y hacer que el usuario encuentre m\u00e1s f\u00e1cilmente lo que busca. En el Sitio Web puede utilizarse la informaci\u00f3n de su visita para realizar evaluaciones y c\u00e1lculos estad\u00edsticos sobre datos an\u00f3nimos, as\u00ed como para garantizar la continuidad del servicio o para realizar mejoras en sus sitios Web. Para m\u00e1s detalles, consulte en el siguiente enlace la pol\u00edtica de privacidad&nbsp;<a href=\"http:\/\/www.google.com\/intl\/es\/policies\/privacy\" target=\"_blank\" rel=\"noreferrer noopener\">http:\/\/www.google.com\/intl\/es\/policies\/privacy<\/a><br>Propietario: Google Inc.<br>Algunas cookies son: __utma, __utmb, __utmc, __utmt, __utmz<\/p>\n\n\n\n<h3 class=\"wp-block-heading\">3. Desactivaci\u00f3n o eliminaci\u00f3n de las Cookies<\/h3>\n\n\n\n<p>La mayor\u00eda de navegadores web permite gestionar, en cualquier momento, las preferencias del Usuario sobre el uso de las Cookies. El Usuario puede ajustar su navegador para que rechace Cookies o elimine determinadas Cookies seg\u00fan su criterio.<\/p>\n\n\n\n<p>Para la configuraci\u00f3n de nuestras Cookies (permitir, bloquear o eliminar las Cookies) y las de terceros el Usuario puede hacerlo mediante la configuraci\u00f3n de las opciones del navegador instalado en su ordenador.<\/p>\n\n\n\n<p>El Usuario puede revocar su consentimiento para el uso de cookies en su navegador a trav\u00e9s de las indicaciones anteriores o a trav\u00e9s de la instalaci\u00f3n de un sistema de rechazo, (\u201copt-out\u201d) en su navegador web. Algunos terceros facilitan este rechazo a trav\u00e9s de los siguientes enlaces:<\/p>\n\n\n\n<p>Opt-Out Google Analytics:&nbsp;<a href=\"https:\/\/tools.google.com\/dlpage\/gaoptout?hl=None\" target=\"_blank\" rel=\"noreferrer noopener\">https:\/\/tools.google.com\/dlpage\/gaoptout?hl=None<\/a><\/p>\n\n\n\n<p>El Usuario debe tener en cuenta que algunas caracter\u00edsticas de los contenidos del Site solo est\u00e1n disponibles si se permite la instalaci\u00f3n de Cookies en su navegador. Si decide no aceptar o bloquear determinadas Cookies (en funci\u00f3n de su finalidad), puede que esto afecte, total o parcialmente, al funcionamiento normal del Site o que impida el acceso a algunos servicios de la misma.<\/p>\n\n\n\n<h3 class=\"wp-block-heading\">4. Actualizaciones y cambios en la Pol\u00edtica de Cookies<\/h3>\n\n\n\n<p>LEONPABIEN ENERGY, S.L. puede modificar esta Pol\u00edtica de Cookies en funci\u00f3n de nuevas exigencias legislativas, reglamentarias, o con la finalidad de adaptar dicha pol\u00edtica a las instrucciones dictadas por la Agencia Espa\u00f1ola de Protecci\u00f3n de Datos.<\/p>\n\n\n\n<p>Cuando se produzcan cambios significativos en esta Pol\u00edtica de Cookies se comunicar\u00e1 al Usuario mediante un aviso informativo en las p\u00e1ginas webs de LEONPABIEN ENERGY, S.L..<\/p>\n\n\n\n<p>Si desea m\u00e1s informaci\u00f3n sobre qu\u00e9 uso hacemos de las Cookies, puede enviarnos un e-mail a comercial@leonpabien.com<\/p>\n","protected":false},"excerpt":{"rendered":"<p>1. \u00bfQu\u00e9 son las Cookies? Este site titularidad de LEONPABIEN ENERGY, S.L. utiliza cookies y otros archivos de funcionalidad similar (en adelante, las \u201cCookies\u201d). Las Cookies son peque\u00f1os archivos de datos que se env\u00edan al ordenador del Usuario, tel\u00e9fono m\u00f3vil u otro dispositivo de acceso cuando visita una p\u00e1gina web y que permiten obtener informaci\u00f3n [&hellip;]<\/p>\n","protected":false},"author":1,"featured_media":0,"parent":0,"menu_order":0,"comment_status":"closed","ping_status":"closed","template":"","meta":{"footnotes":""},"class_list":["post-41","page","type-page","status-publish","hentry"],"_links":{"self":[{"href":"https:\/\/www.leonpabien.com\/gasoleo-a-domicilio\/wp-json\/wp\/v2\/pages\/41","targetHints":{"allow":["GET"]}}],"collection":[{"href":"https:\/\/www.leonpabien.com\/gasoleo-a-domicilio\/wp-json\/wp\/v2\/pages"}],"about":[{"href":"https:\/\/www.leonpabien.com\/gasoleo-a-domicilio\/wp-json\/wp\/v2\/types\/page"}],"author":[{"embeddable":true,"href":"https:\/\/www.leonpabien.com\/gasoleo-a-domicilio\/wp-json\/wp\/v2\/users\/1"}],"replies":[{"embeddable":true,"href":"https:\/\/www.leonpabien.com\/gasoleo-a-domicilio\/wp-json\/wp\/v2\/comments?post=41"}],"version-history":[{"count":3,"href":"https:\/\/www.leonpabien.com\/gasoleo-a-domicilio\/wp-json\/wp\/v2\/pages\/41\/revisions"}],"predecessor-version":[{"id":165,"href":"https:\/\/www.leonpabien.com\/gasoleo-a-domicilio\/wp-json\/wp\/v2\/pages\/41\/revisions\/165"}],"wp:attachment":[{"href":"https:\/\/www.leonpabien.com\/gasoleo-a-domicilio\/wp-json\/wp\/v2\/media?parent=41"}],"curies":[{"name":"wp","href":"https:\/\/api.w.org\/{rel}","templated":true}]}}